{"id":305,"date":"2024-03-01T01:09:40","date_gmt":"2024-03-01T01:09:40","guid":{"rendered":"https:\/\/patagoniaadventurechile.com\/?page_id=305"},"modified":"2024-03-02T15:28:47","modified_gmt":"2024-03-02T15:28:47","slug":"our-services","status":"publish","type":"page","link":"https:\/\/patagoniaadventurechile.com\/es\/our-services\/","title":{"rendered":"Nuestros servicios"},"content":{"rendered":"<div class=\"wp-block-uagb-container uagb-block-87028792 alignfull uagb-is-root-container\"><div class=\"uagb-container-inner-blocks-wrap\"><\/div><\/div>\n\n\n\n<p><\/p>\n\n\n\n<div class=\"wp-block-uagb-container uagb-block-d26c2615 alignfull uagb-is-root-container\"><div class=\"uagb-container-inner-blocks-wrap\"><\/div><\/div>\n\n\n\n<p><\/p>\n\n\n\n<div class=\"wp-block-uagb-advanced-heading uagb-block-ed973df8\"><h2 class=\"uagb-heading-text\">Nuestros servicios<\/h2><\/div>\n\n\n\n<div class=\"wp-block-uagb-separator uagb-block-6fd0be74\"><div class=\"wp-block-uagb-separator__inner\" style=\"--my-background-image:\"><\/div><\/div>\n\n\n\n<div class=\"wp-block-uagb-container uagb-block-73621f44 alignfull uagb-is-root-container\"><div class=\"uagb-container-inner-blocks-wrap\">\n<div class=\"wp-block-uagb-container uagb-block-aae453ce\">\n<p>PATAGONIA ADVENTURE CHILE se compromete a ayudar a m\u00e1s personas como t\u00fa a obtener los resultados que desean, todos los d\u00edas. Para pon\u00e9rtelo f\u00e1cil, \u00a1hay muchas maneras de hacer que tus vacaciones sean las mejores! La gama de servicios que ofrecemos se puede ajustar para adaptarse a sus objetivos, sus vacaciones o sus pasatiempos. Si est\u00e1 buscando nuevas formas de dar vida a su \u00faltimo proyecto de vacaciones, desarrollaremos una opci\u00f3n a la medida que sea verdaderamente \u00fanica.<\/p>\n<\/div>\n\n\n\n<div class=\"wp-block-uagb-container uagb-block-ebf440c0\">\n<div class=\"wp-block-uagb-image uagb-block-f9675805 wp-block-uagb-image--layout-default wp-block-uagb-image--effect-static wp-block-uagb-image--align-none\"><figure class=\"wp-block-uagb-image__figure\"><img decoding=\"async\" data-srcset=\"https:\/\/patagoniaadventurechile.com\/wp-content\/uploads\/2024\/02\/51a3cdb1-4a85-4c24-8ef3-de59b2f651bd.jpg ,https:\/\/patagoniaadventurechile.com\/wp-content\/uploads\/2024\/02\/51a3cdb1-4a85-4c24-8ef3-de59b2f651bd.jpg 780w, https:\/\/patagoniaadventurechile.com\/wp-content\/uploads\/2024\/02\/51a3cdb1-4a85-4c24-8ef3-de59b2f651bd.jpg 360w\" data-sizes=\"(max-width: 480px) 150px\" data-src=\"https:\/\/patagoniaadventurechile.com\/wp-content\/uploads\/2024\/02\/51a3cdb1-4a85-4c24-8ef3-de59b2f651bd.jpg\" alt=\"\" class=\"uag-image-25 lazyload\" width=\"768\" height=\"1024\" title=\"\" loading=\"lazy\" src=\"data:image\/gif;base64,R0lGODlhAQABAAAAACH5BAEKAAEALAAAAAABAAEAAAICTAEAOw==\" style=\"--smush-placeholder-width: 768px; --smush-placeholder-aspect-ratio: 768\/1024;\" \/><noscript><img decoding=\"async\" srcset=\"https:\/\/patagoniaadventurechile.com\/wp-content\/uploads\/2024\/02\/51a3cdb1-4a85-4c24-8ef3-de59b2f651bd.jpg ,https:\/\/patagoniaadventurechile.com\/wp-content\/uploads\/2024\/02\/51a3cdb1-4a85-4c24-8ef3-de59b2f651bd.jpg 780w, https:\/\/patagoniaadventurechile.com\/wp-content\/uploads\/2024\/02\/51a3cdb1-4a85-4c24-8ef3-de59b2f651bd.jpg 360w\" sizes=\"(max-width: 480px) 150px\" src=\"https:\/\/patagoniaadventurechile.com\/wp-content\/uploads\/2024\/02\/51a3cdb1-4a85-4c24-8ef3-de59b2f651bd.jpg\" alt=\"\" class=\"uag-image-25\" width=\"768\" height=\"1024\" title=\"\" loading=\"lazy\"\/><\/noscript><\/figure><\/div>\n<\/div>\n<\/div><\/div>\n\n\n\n<div class=\"wp-block-uagb-separator uagb-block-36009bf2\"><div class=\"wp-block-uagb-separator__inner\" style=\"--my-background-image:\"><\/div><\/div>\n\n\n\n<div class=\"wp-block-uagb-container uagb-block-b91f162d alignfull uagb-is-root-container\"><div class=\"uagb-container-inner-blocks-wrap\">\n<div class=\"wp-block-uagb-container uagb-block-b80678ab\">\n<p>\u00bfQuieres saber m\u00e1s sobre lo que ofrecemos? Nos comprometemos a ayudar a m\u00e1s viajeros como t\u00fa, cada d\u00eda. Echa un vistazo a esta p\u00e1gina para conocer las diferentes formas en que puedes contactarnos y estaremos encantados de ayudarte a dise\u00f1ar tu itinerario mientras est\u00e9s en la Patagonia.<\/p>\n<\/div>\n\n\n\n<div class=\"wp-block-uagb-container uagb-block-7e038ced\">\n<div class=\"wp-block-uagb-image uagb-block-f10423d5 wp-block-uagb-image--layout-default wp-block-uagb-image--effect-static wp-block-uagb-image--align-none\"><figure class=\"wp-block-uagb-image__figure\"><img decoding=\"async\" data-srcset=\"https:\/\/patagoniaadventurechile.com\/wp-content\/uploads\/2024\/02\/ffd8473e-7ba7-41c0-acb5-a3f48854ce2b-1024x768.jpg ,https:\/\/patagoniaadventurechile.com\/wp-content\/uploads\/2024\/02\/ffd8473e-7ba7-41c0-acb5-a3f48854ce2b-scaled.jpg 780w, https:\/\/patagoniaadventurechile.com\/wp-content\/uploads\/2024\/02\/ffd8473e-7ba7-41c0-acb5-a3f48854ce2b-scaled.jpg 360w\" data-sizes=\"(max-width: 480px) 150px\" data-src=\"https:\/\/patagoniaadventurechile.com\/wp-content\/uploads\/2024\/02\/ffd8473e-7ba7-41c0-acb5-a3f48854ce2b-1024x768.jpg\" alt=\"\" class=\"uag-image-267 lazyload\" width=\"1024\" height=\"768\" title=\"\" loading=\"lazy\" src=\"data:image\/gif;base64,R0lGODlhAQABAAAAACH5BAEKAAEALAAAAAABAAEAAAICTAEAOw==\" style=\"--smush-placeholder-width: 1024px; --smush-placeholder-aspect-ratio: 1024\/768;\" \/><noscript><img decoding=\"async\" srcset=\"https:\/\/patagoniaadventurechile.com\/wp-content\/uploads\/2024\/02\/ffd8473e-7ba7-41c0-acb5-a3f48854ce2b-1024x768.jpg ,https:\/\/patagoniaadventurechile.com\/wp-content\/uploads\/2024\/02\/ffd8473e-7ba7-41c0-acb5-a3f48854ce2b-scaled.jpg 780w, https:\/\/patagoniaadventurechile.com\/wp-content\/uploads\/2024\/02\/ffd8473e-7ba7-41c0-acb5-a3f48854ce2b-scaled.jpg 360w\" sizes=\"(max-width: 480px) 150px\" src=\"https:\/\/patagoniaadventurechile.com\/wp-content\/uploads\/2024\/02\/ffd8473e-7ba7-41c0-acb5-a3f48854ce2b-1024x768.jpg\" alt=\"\" class=\"uag-image-267\" width=\"1024\" height=\"768\" title=\"\" loading=\"lazy\"\/><\/noscript><\/figure><\/div>\n<\/div>\n<\/div><\/div>\n\n\n\n<div class=\"wp-block-uagb-separator uagb-block-c71e634a\"><div class=\"wp-block-uagb-separator__inner\" style=\"--my-background-image:\"><\/div><\/div>\n\n\n\n<div class=\"wp-block-uagb-container uagb-block-fd7c626d alignfull uagb-is-root-container\"><div class=\"uagb-container-inner-blocks-wrap\">\n<div class=\"wp-block-uagb-container uagb-block-6a0aadb5\">\n<p>Encontremos la soluci\u00f3n adecuada para usted. Aqu\u00ed encontrar\u00e1s un resumen detallado de nuestros servicios para ayudarte a decidir cu\u00e1l es la mejor opci\u00f3n para ti. Si tienes alguna pregunta o no est\u00e1s seguro de qu\u00e9 elegir, ponte en contacto con nosotros y estar\u00e9 encantado de ayudarte.&nbsp;<\/p>\n<\/div>\n\n\n\n<div class=\"wp-block-uagb-container uagb-block-752031fc\">\n<div class=\"wp-block-uagb-image uagb-block-5c0b691c wp-block-uagb-image--layout-default wp-block-uagb-image--effect-static wp-block-uagb-image--align-none\"><figure class=\"wp-block-uagb-image__figure\"><img decoding=\"async\" data-srcset=\"https:\/\/patagoniaadventurechile.com\/wp-content\/uploads\/2024\/02\/25ac6f3b-afdc-483c-9645-f248af2e4899-1024x1024.jpg ,https:\/\/patagoniaadventurechile.com\/wp-content\/uploads\/2024\/02\/25ac6f3b-afdc-483c-9645-f248af2e4899.jpg 780w, https:\/\/patagoniaadventurechile.com\/wp-content\/uploads\/2024\/02\/25ac6f3b-afdc-483c-9645-f248af2e4899.jpg 360w\" data-sizes=\"(max-width: 480px) 150px\" data-src=\"https:\/\/patagoniaadventurechile.com\/wp-content\/uploads\/2024\/02\/25ac6f3b-afdc-483c-9645-f248af2e4899-1024x1024.jpg\" alt=\"\" class=\"uag-image-269 lazyload\" width=\"1024\" height=\"1024\" title=\"\" loading=\"lazy\" src=\"data:image\/gif;base64,R0lGODlhAQABAAAAACH5BAEKAAEALAAAAAABAAEAAAICTAEAOw==\" style=\"--smush-placeholder-width: 1024px; --smush-placeholder-aspect-ratio: 1024\/1024;\" \/><noscript><img decoding=\"async\" srcset=\"https:\/\/patagoniaadventurechile.com\/wp-content\/uploads\/2024\/02\/25ac6f3b-afdc-483c-9645-f248af2e4899-1024x1024.jpg ,https:\/\/patagoniaadventurechile.com\/wp-content\/uploads\/2024\/02\/25ac6f3b-afdc-483c-9645-f248af2e4899.jpg 780w, https:\/\/patagoniaadventurechile.com\/wp-content\/uploads\/2024\/02\/25ac6f3b-afdc-483c-9645-f248af2e4899.jpg 360w\" sizes=\"(max-width: 480px) 150px\" src=\"https:\/\/patagoniaadventurechile.com\/wp-content\/uploads\/2024\/02\/25ac6f3b-afdc-483c-9645-f248af2e4899-1024x1024.jpg\" alt=\"\" class=\"uag-image-269\" width=\"1024\" height=\"1024\" title=\"\" loading=\"lazy\"\/><\/noscript><\/figure><\/div>\n<\/div>\n<\/div><\/div>\n\n\n\n<div class=\"wp-block-uagb-separator uagb-block-84ca8103\"><div class=\"wp-block-uagb-separator__inner\" style=\"--my-background-image:\"><\/div><\/div>\n\n\n\n<div class=\"wp-block-uagb-container uagb-block-19e7faaa alignfull uagb-is-root-container\"><div class=\"uagb-container-inner-blocks-wrap\">\n<div class=\"wp-block-uagb-container uagb-block-11438830\">\n<p>Somos expertos en recorrer la Patagonia.\u00a0 Desde Punta Arenas hasta Tierra del Fuego, Torres del Paine y la gran nueva alianza con nuestros compa\u00f1eros argentinos podemos organizarlo todo.\u00a0 Conductores de habla inglesa veh\u00edculos para uno a 40 viajeros que recorren este lugar \u00fanico en el mundo.&nbsp;<\/p>\n<\/div>\n\n\n\n<div class=\"wp-block-uagb-container uagb-block-54b8db28\">\n<div class=\"wp-block-uagb-image uagb-block-849354e0 wp-block-uagb-image--layout-default wp-block-uagb-image--effect-static wp-block-uagb-image--align-none\"><figure class=\"wp-block-uagb-image__figure\"><img decoding=\"async\" data-srcset=\"https:\/\/patagoniaadventurechile.com\/wp-content\/uploads\/2024\/02\/d02fa6e8-fd42-4311-8ff6-88af5d7f2efb-1024x768.jpg ,https:\/\/patagoniaadventurechile.com\/wp-content\/uploads\/2024\/02\/d02fa6e8-fd42-4311-8ff6-88af5d7f2efb.jpg 780w, https:\/\/patagoniaadventurechile.com\/wp-content\/uploads\/2024\/02\/d02fa6e8-fd42-4311-8ff6-88af5d7f2efb.jpg 360w\" data-sizes=\"(max-width: 480px) 150px\" data-src=\"https:\/\/patagoniaadventurechile.com\/wp-content\/uploads\/2024\/02\/d02fa6e8-fd42-4311-8ff6-88af5d7f2efb-1024x768.jpg\" alt=\"\" class=\"uag-image-268 lazyload\" width=\"1024\" height=\"768\" title=\"\" loading=\"lazy\" src=\"data:image\/gif;base64,R0lGODlhAQABAAAAACH5BAEKAAEALAAAAAABAAEAAAICTAEAOw==\" style=\"--smush-placeholder-width: 1024px; --smush-placeholder-aspect-ratio: 1024\/768;\" \/><noscript><img decoding=\"async\" srcset=\"https:\/\/patagoniaadventurechile.com\/wp-content\/uploads\/2024\/02\/d02fa6e8-fd42-4311-8ff6-88af5d7f2efb-1024x768.jpg ,https:\/\/patagoniaadventurechile.com\/wp-content\/uploads\/2024\/02\/d02fa6e8-fd42-4311-8ff6-88af5d7f2efb.jpg 780w, https:\/\/patagoniaadventurechile.com\/wp-content\/uploads\/2024\/02\/d02fa6e8-fd42-4311-8ff6-88af5d7f2efb.jpg 360w\" sizes=\"(max-width: 480px) 150px\" src=\"https:\/\/patagoniaadventurechile.com\/wp-content\/uploads\/2024\/02\/d02fa6e8-fd42-4311-8ff6-88af5d7f2efb-1024x768.jpg\" alt=\"\" class=\"uag-image-268\" width=\"1024\" height=\"768\" title=\"\" loading=\"lazy\"\/><\/noscript><\/figure><\/div>\n<\/div>\n<\/div><\/div>\n\n\n\n<p><\/p>\n\n\n\n<p><\/p>\n\n\n\n<p><\/p>\n\n\n\n<p><\/p>","protected":false},"excerpt":{"rendered":"<p>Our Services PATAGONIA ADVENTURE CHILE is committed to helping more people like you to get the results they want, every day. To make it easy, there are lots of ways we can&nbsp; make your holidays the very best! The range of services we offer can be tweaked to suit your goals, your vacations, or your [&hellip;]<\/p>\n","protected":false},"author":1,"featured_media":0,"parent":0,"menu_order":0,"comment_status":"closed","ping_status":"closed","template":"","meta":{"_uag_custom_page_level_css":"","_monsterinsights_skip_tracking":false,"_monsterinsights_sitenote_active":false,"_monsterinsights_sitenote_note":"","_monsterinsights_sitenote_category":0,"site-sidebar-layout":"default","site-content-layout":"","ast-site-content-layout":"","site-content-style":"default","site-sidebar-style":"default","ast-global-header-display":"","ast-banner-title-visibility":"","ast-main-header-display":"","ast-hfb-above-header-display":"","ast-hfb-below-header-display":"","ast-hfb-mobile-header-display":"","site-post-title":"disabled","ast-breadcrumbs-content":"","ast-featured-img":"","footer-sml-layout":"","theme-transparent-header-meta":"","adv-header-id-meta":"","stick-header-meta":"","header-above-stick-meta":"","header-main-stick-meta":"","header-below-stick-meta":"","astra-migrate-meta-layouts":"default","ast-page-background-enabled":"default","ast-page-background-meta":{"desktop":{"background-color":"var(--ast-global-color-4)","background-image":"","background-repeat":"repeat","background-position":"center center","background-size":"auto","background-attachment":"scroll","background-type":"","background-media":"","overlay-type":"","overlay-color":"","overlay-gradient":""},"tablet":{"background-color":"","background-image":"","background-repeat":"repeat","background-position":"center center","background-size":"auto","background-attachment":"scroll","background-type":"","background-media":"","overlay-type":"","overlay-color":"","overlay-gradient":""},"mobile":{"background-color":"","background-image":"","background-repeat":"repeat","background-position":"center center","background-size":"auto","background-attachment":"scroll","background-type":"","background-media":"","overlay-type":"","overlay-color":"","overlay-gradient":""}},"ast-content-background-meta":{"desktop":{"background-color":"var(--ast-global-color-5)","background-image":"","background-repeat":"repeat","background-position":"center center","background-size":"auto","background-attachment":"scroll","background-type":"","background-media":"","overlay-type":"","overlay-color":"","overlay-gradient":""},"tablet":{"background-color":"var(--ast-global-color-5)","background-image":"","background-repeat":"repeat","background-position":"center center","background-size":"auto","background-attachment":"scroll","background-type":"","background-media":"","overlay-type":"","overlay-color":"","overlay-gradient":""},"mobile":{"background-color":"var(--ast-global-color-5)","background-image":"","background-repeat":"repeat","background-position":"center center","background-size":"auto","background-attachment":"scroll","background-type":"","background-media":"","overlay-type":"","overlay-color":"","overlay-gradient":""}},"_joinchat":[],"footnotes":""},"uagb_featured_image_src":{"full":false,"thumbnail":false,"medium":false,"medium_large":false,"large":false,"1536x1536":false,"2048x2048":false,"trp-custom-language-flag":false},"uagb_author_info":{"display_name":"vigeland2018","author_link":"https:\/\/patagoniaadventurechile.com\/es\/author\/vigeland2018\/"},"uagb_comment_info":0,"uagb_excerpt":"Our Services PATAGONIA ADVENTURE CHILE is committed to helping more people like you to get the results they want, every day. To make it easy, there are lots of ways we can&nbsp; make your holidays the very best! The range of services we offer can be tweaked to suit your goals, your vacations, or your&hellip;","_links":{"self":[{"href":"https:\/\/patagoniaadventurechile.com\/es\/wp-json\/wp\/v2\/pages\/305"}],"collection":[{"href":"https:\/\/patagoniaadventurechile.com\/es\/wp-json\/wp\/v2\/pages"}],"about":[{"href":"https:\/\/patagoniaadventurechile.com\/es\/wp-json\/wp\/v2\/types\/page"}],"author":[{"embeddable":true,"href":"https:\/\/patagoniaadventurechile.com\/es\/wp-json\/wp\/v2\/users\/1"}],"replies":[{"embeddable":true,"href":"https:\/\/patagoniaadventurechile.com\/es\/wp-json\/wp\/v2\/comments?post=305"}],"version-history":[{"count":13,"href":"https:\/\/patagoniaadventurechile.com\/es\/wp-json\/wp\/v2\/pages\/305\/revisions"}],"predecessor-version":[{"id":374,"href":"https:\/\/patagoniaadventurechile.com\/es\/wp-json\/wp\/v2\/pages\/305\/revisions\/374"}],"wp:attachment":[{"href":"https:\/\/patagoniaadventurechile.com\/es\/wp-json\/wp\/v2\/media?parent=305"}],"curies":[{"name":"wp","href":"https:\/\/api.w.org\/{rel}","templated":true}]}}